{"id":44,"date":"2016-07-29T18:07:04","date_gmt":"2016-07-29T16:07:04","guid":{"rendered":"http:\/\/remingtonstyle.com\/en\/agence\/"},"modified":"2016-10-24T19:32:10","modified_gmt":"2016-10-24T17:32:10","slug":"agence","status":"publish","type":"page","link":"http:\/\/remingtonstyle.com\/en\/agence\/","title":{"rendered":"Office"},"content":{"rendered":"<h3>DISTINCTIONS<\/h3>\n<p>2006 Laur\u00e9ats EUROPAN 8<br \/>\n2010 Prix d\u2019Architecture du CAUE 14 pour le<br \/>\nb\u00e2timent des services des Parcs et Jardins<br \/>\n2011 Nomm\u00e9 au prix de la Premi\u00e8re \u0152uvre<br \/>\npour la salle de sports et de danse \u00e0 Calais<br \/>\n2011 Prix EDF Bas Carbone pour 20 logements BBC \u00e0 Dunkerque<\/p>\n","protected":false},"excerpt":{"rendered":"<p>DISTINCTIONS 2006 Laur\u00e9ats EUROPAN 8 2010 Prix d\u2019Architecture du CAUE 14 pour le b\u00e2timent des services des Parcs et Jardins 2011 Nomm\u00e9 au prix de la Premi\u00e8re \u0152uvre pour la salle de sports et de danse \u00e0 Calais 2011 Prix EDF Bas Carbone pour 20 logements BBC \u00e0 Dunkerque<\/p>\n","protected":false},"author":1,"featured_media":0,"parent":0,"menu_order":0,"comment_status":"closed","ping_status":"closed","template":"tpl-agence.php","meta":{"footnotes":""},"class_list":["post-44","page","type-page","status-publish","hentry"],"acf":[],"_links":{"self":[{"href":"http:\/\/remingtonstyle.com\/en\/wp-json\/wp\/v2\/pages\/44","targetHints":{"allow":["GET"]}}],"collection":[{"href":"http:\/\/remingtonstyle.com\/en\/wp-json\/wp\/v2\/pages"}],"about":[{"href":"http:\/\/remingtonstyle.com\/en\/wp-json\/wp\/v2\/types\/page"}],"author":[{"embeddable":true,"href":"http:\/\/remingtonstyle.com\/en\/wp-json\/wp\/v2\/users\/1"}],"replies":[{"embeddable":true,"href":"http:\/\/remingtonstyle.com\/en\/wp-json\/wp\/v2\/comments?post=44"}],"version-history":[{"count":6,"href":"http:\/\/remingtonstyle.com\/en\/wp-json\/wp\/v2\/pages\/44\/revisions"}],"predecessor-version":[{"id":938,"href":"http:\/\/remingtonstyle.com\/en\/wp-json\/wp\/v2\/pages\/44\/revisions\/938"}],"wp:attachment":[{"href":"http:\/\/remingtonstyle.com\/en\/wp-json\/wp\/v2\/media?parent=44"}],"curies":[{"name":"wp","href":"https:\/\/api.w.org\/{rel}","templated":true}]}}